{"id":8,"date":"2021-03-08T00:18:24","date_gmt":"2021-03-08T00:18:24","guid":{"rendered":"http:\/\/www.eskejp.com.pl\/?page_id=8"},"modified":"2021-03-08T22:45:35","modified_gmt":"2021-03-08T22:45:35","slug":"tworz-swoja-witryne-za-pomoca-blokow","status":"publish","type":"page","link":"https:\/\/www.eskejp.com.pl\/","title":{"rendered":"Tw\u00f3rz swoj\u0105 witryn\u0119 za pomoc\u0105 blok\u00f3w"},"content":{"rendered":"\t\t<div data-elementor-type=\"wp-page\" data-elementor-id=\"8\" class=\"elementor elementor-8\">\n\t\t\t\t\t\t<section class=\"elementor-section elementor-top-section elementor-element elementor-element-4b0b2a9b elementor-section-boxed elementor-section-height-default elementor-section-height-default\" data-id=\"4b0b2a9b\" data-element_type=\"section\">\n\t\t\t\t\t\t<div class=\"elementor-container elementor-column-gap-default\">\n\t\t\t\t\t<div class=\"elementor-column elementor-col-100 elementor-top-column elementor-element elementor-element-74bcf020\" data-id=\"74bcf020\" data-element_type=\"column\">\n\t\t\t<div class=\"elementor-widget-wrap elementor-element-populated\">\n\t\t\t\t\t\t<div class=\"elementor-element elementor-element-28a27973 elementor-widget__width-inherit elementor-widget elementor-widget-text-editor\" data-id=\"28a27973\" data-element_type=\"widget\" data-widget_type=\"text-editor.default\">\n\t\t\t\t<div class=\"elementor-widget-container\">\n\t\t\t\t\t\t\t<h5><strong>SERWIS KOMPUTER\u00d3W W DOMU I FIRMIE KLIENTA W KRAKOWIE<br><\/strong>7 dni w tygodniu.<br><strong>Tel: 794-735-910<br><\/strong>Instalacja i konserwacja system\u00f3w Windows, konfiguracja oprogramowania<br>Usuwanie wirus\u00f3w, trojan\u00f3w i z\u0142o\u015bliwego oprogramowania<br>Rozbudowa komputera, instalacja nowych podzespo\u0142\u00f3w, usuwanie usterek<br>Instalacja i konfiguracja sieci (routery, wifi, switche)<br>Pomoc w konfiguracji i obs\u0142udze smartfon\u00f3w\/table<br>794735910<br>794 735 910<\/h5>\n<p><\/p>\t\t\t\t\t\t<\/div>\n\t\t\t\t<\/div>\n\t\t\t\t\t<\/div>\n\t\t<\/div>\n\t\t\t\t\t<\/div>\n\t\t<\/section>\n\t\t\t\t<\/div>\n\t\t","protected":false},"excerpt":{"rendered":"<p>SERWIS KOMPUTER\u00d3W W DOMU I FIRMIE KLIENTA W KRAKOWIE7 dni w tygodniu.Tel: 794-735-910Instalacja i konserwacja system\u00f3w Windows, konfiguracja oprogramowaniaUsuwanie wirus\u00f3w, trojan\u00f3w i z\u0142o\u015bliwego oprogramowaniaRozbudowa komputera, instalacja nowych podzespo\u0142\u00f3w, usuwanie usterekInstalacja i konfiguracja sieci (routery, wifi, switche)Pomoc w konfiguracji i obs\u0142udze smartfon\u00f3w\/table794735910794 735 910<\/p>\n","protected":false},"author":1,"featured_media":0,"parent":0,"menu_order":0,"comment_status":"closed","ping_status":"closed","template":"","meta":{"footnotes":""},"_links":{"self":[{"href":"https:\/\/www.eskejp.com.pl\/index.php\/wp-json\/wp\/v2\/pages\/8"}],"collection":[{"href":"https:\/\/www.eskejp.com.pl\/index.php\/wp-json\/wp\/v2\/pages"}],"about":[{"href":"https:\/\/www.eskejp.com.pl\/index.php\/wp-json\/wp\/v2\/types\/page"}],"author":[{"embeddable":true,"href":"https:\/\/www.eskejp.com.pl\/index.php\/wp-json\/wp\/v2\/users\/1"}],"replies":[{"embeddable":true,"href":"https:\/\/www.eskejp.com.pl\/index.php\/wp-json\/wp\/v2\/comments?post=8"}],"version-history":[{"count":11,"href":"https:\/\/www.eskejp.com.pl\/index.php\/wp-json\/wp\/v2\/pages\/8\/revisions"}],"predecessor-version":[{"id":39,"href":"https:\/\/www.eskejp.com.pl\/index.php\/wp-json\/wp\/v2\/pages\/8\/revisions\/39"}],"wp:attachment":[{"href":"https:\/\/www.eskejp.com.pl\/index.php\/wp-json\/wp\/v2\/media?parent=8"}],"curies":[{"name":"wp","href":"https:\/\/api.w.org\/{rel}","templated":true}]}}